{"id":580,"date":"2023-03-11T11:47:36","date_gmt":"2023-03-11T11:47:36","guid":{"rendered":"https:\/\/www.doerenkamp.net\/?page_id=580"},"modified":"2026-04-13T14:47:12","modified_gmt":"2026-04-13T14:47:12","slug":"580-2","status":"publish","type":"page","link":"https:\/\/www.doerenkamp.net\/","title":{"rendered":"Landing_Page"},"content":{"rendered":"\t\t<div data-elementor-type=\"wp-page\" data-elementor-id=\"580\" class=\"elementor elementor-580\" data-elementor-settings=\"[]\">\n\t\t\t\t\t\t<div class=\"elementor-inner\">\n\t\t\t\t\t\t\t<div class=\"elementor-section-wrap\">\n\t\t\t\t\t\t\t<section class=\"elementor-section elementor-top-section elementor-element elementor-element-6a0208e4 elementor-section-boxed elementor-section-height-default elementor-section-height-default\" data-id=\"6a0208e4\" data-element_type=\"section\">\n\t\t\t\t\t\t<div class=\"elementor-container elementor-column-gap-default\">\n\t\t\t\t\t\t\t<div class=\"elementor-row\">\n\t\t\t\t\t<div class=\"elementor-column elementor-col-100 elementor-top-column elementor-element elementor-element-6238380\" data-id=\"6238380\" data-element_type=\"column\">\n\t\t\t<div class=\"elementor-column-wrap elementor-element-populated\">\n\t\t\t\t\t\t\t<div class=\"elementor-widget-wrap\">\n\t\t\t\t\t\t<div class=\"elementor-element elementor-element-295fe146 elementor-widget elementor-widget-text-editor\" data-id=\"295fe146\" data-element_type=\"widget\" data-widget_type=\"text-editor.default\">\n\t\t\t\t<div class=\"elementor-widget-container\">\n\t\t\t\t\t<div class=\"elementor-text-editor elementor-clearfix\"><p><!-- wp:paragraph --><\/p>\n<p>Im 30igsten Jahr meiner Bestellung zum \u00d6ffentlich bestellten Vermessungsingenieur habe ich meine B\u00fcrot\u00e4tigkeit beendet&nbsp;<\/p>\n<p>und gegen\u00fcber meiner Aufsichtsbeh\u00f6rde den Verzicht auf die Bestellung erkl\u00e4rt.<\/p><p><br><\/p><p>Vielen Dank f\u00fcr die erfolgreiche Zusammenarbeit!<\/p>\n<p><\/p>\n<p><!-- \/wp:paragraph --><\/p>\n<p><!-- wp:paragraph --><\/p>\n<p><\/p>\n<p><!-- \/wp:paragraph --><\/p><\/div>\n\t\t\t\t<\/div>\n\t\t\t\t<\/div>\n\t\t\t\t\t\t<\/div>\n\t\t\t\t\t<\/div>\n\t\t<\/div>\n\t\t\t\t\t\t\t\t<\/div>\n\t\t\t\t\t<\/div>\n\t\t<\/section>\n\t\t\t\t\t\t<\/div>\n\t\t\t\t\t\t<\/div>\n\t\t\t\t\t<\/div>\n\t\t","protected":false},"excerpt":{"rendered":"<p>Im 30igsten Jahr meiner Bestellung zum \u00d6ffentlich bestellten Vermessungsingenieur habe ich meine B\u00fcrot\u00e4tigkeit beendet&nbsp; und gegen\u00fcber meiner Aufsichtsbeh\u00f6rde den Verzicht auf die Bestellung erkl\u00e4rt. Vielen Dank f\u00fcr die erfolgreiche Zusammenarbeit!<\/p>\n","protected":false},"author":1,"featured_media":0,"parent":0,"menu_order":0,"comment_status":"closed","ping_status":"closed","template":"","meta":[],"_links":{"self":[{"href":"https:\/\/www.doerenkamp.net\/index.php?rest_route=\/wp\/v2\/pages\/580"}],"collection":[{"href":"https:\/\/www.doerenkamp.net\/index.php?rest_route=\/wp\/v2\/pages"}],"about":[{"href":"https:\/\/www.doerenkamp.net\/index.php?rest_route=\/wp\/v2\/types\/page"}],"author":[{"embeddable":true,"href":"https:\/\/www.doerenkamp.net\/index.php?rest_route=\/wp\/v2\/users\/1"}],"replies":[{"embeddable":true,"href":"https:\/\/www.doerenkamp.net\/index.php?rest_route=%2Fwp%2Fv2%2Fcomments&post=580"}],"version-history":[{"count":17,"href":"https:\/\/www.doerenkamp.net\/index.php?rest_route=\/wp\/v2\/pages\/580\/revisions"}],"predecessor-version":[{"id":613,"href":"https:\/\/www.doerenkamp.net\/index.php?rest_route=\/wp\/v2\/pages\/580\/revisions\/613"}],"wp:attachment":[{"href":"https:\/\/www.doerenkamp.net\/index.php?rest_route=%2Fwp%2Fv2%2Fmedia&parent=580"}],"curies":[{"name":"wp","href":"https:\/\/api.w.org\/{rel}","templated":true}]}}