{"id":435,"date":"2021-01-08T11:35:57","date_gmt":"2021-01-08T11:35:57","guid":{"rendered":"http:\/\/vermessung-koenigswinter.de\/?page_id=435"},"modified":"2023-03-11T11:27:32","modified_gmt":"2023-03-11T11:27:32","slug":"impressum_neu","status":"publish","type":"page","link":"https:\/\/www.doerenkamp.net\/?page_id=435","title":{"rendered":"Impressum"},"content":{"rendered":"\n<p>Angaben gem\u00e4\u00df \u00a7 5 Telemediengesetz (TMG):<\/p>\n\n\n\n<p><strong>Inhaber:<\/strong><\/p>\n\n\n\n<p>Dipl.-Ing. Peter Doerenkamp<br>Siegburger Stra\u00dfe 34<br>53639 K\u00f6nigswinter (Oberpleis)<br><br>Tel.:\u00a0 \u00a0 \u00a0 02244\/7710<br>Fax.: \u00a0 \u00a0 02244\/81843<br>e-mail: \u00a0<a href=\"mailto:info@doerenkamp.net\">info@doerenkamp.net<\/a><\/p>\n\n\n\n<p>Ust.-Ident.-Nr. 222\/5005\/0384<\/p>\n\n\n\n<p><strong>Haftungsausschluss:<\/strong><\/p>\n\n\n\n<p>Die Inhalte dieser&nbsp;Seiten wurden mit gr\u00f6\u00dfter Sorgfalt erstellt. F\u00fcr die Richtigkeit, Vollst\u00e4ndigkeit und Aktualit\u00e4t der Inhalte k\u00f6nnen wir jedoch keine Gew\u00e4hr \u00fcbernehmen.<\/p>\n\n\n\n<p>Die durch den Seitenbetreiber erstellten Inhalte und Werke unterliegen dem Urheberschutz.&nbsp;<\/p>\n\n\n\n<p>Unser Angebot enth\u00e4lt Links zu externen Webseiten Dritter. Auf diese&nbsp;Inhalte haben wir keinen Einfluss. Deshalb k\u00f6nnen wir f\u00fcr diese fremden Inhalte auch keine Gew\u00e4hr \u00fcbernehmen.<\/p>\n","protected":false},"excerpt":{"rendered":"<p>Angaben gem\u00e4\u00df \u00a7 5 Telemediengesetz (TMG): Inhaber: Dipl.-Ing. Peter DoerenkampSiegburger Stra\u00dfe 3453639 K\u00f6nigswinter (Oberpleis) Tel.:\u00a0 \u00a0 \u00a0 02244\/7710Fax.: \u00a0 \u00a0 02244\/81843e-mail: \u00a0info@doerenkamp.net Ust.-Ident.-Nr. 222\/5005\/0384 Haftungsausschluss: Die Inhalte dieser&nbsp;Seiten wurden mit gr\u00f6\u00dfter Sorgfalt erstellt. F\u00fcr die Richtigkeit, Vollst\u00e4ndigkeit und Aktualit\u00e4t der Inhalte k\u00f6nnen wir jedoch keine Gew\u00e4hr \u00fcbernehmen. Die durch den [&hellip;]<\/p>\n","protected":false},"author":1,"featured_media":0,"parent":0,"menu_order":0,"comment_status":"closed","ping_status":"closed","template":"","meta":[],"_links":{"self":[{"href":"https:\/\/www.doerenkamp.net\/index.php?rest_route=\/wp\/v2\/pages\/435"}],"collection":[{"href":"https:\/\/www.doerenkamp.net\/index.php?rest_route=\/wp\/v2\/pages"}],"about":[{"href":"https:\/\/www.doerenkamp.net\/index.php?rest_route=\/wp\/v2\/types\/page"}],"author":[{"embeddable":true,"href":"https:\/\/www.doerenkamp.net\/index.php?rest_route=\/wp\/v2\/users\/1"}],"replies":[{"embeddable":true,"href":"https:\/\/www.doerenkamp.net\/index.php?rest_route=%2Fwp%2Fv2%2Fcomments&post=435"}],"version-history":[{"count":3,"href":"https:\/\/www.doerenkamp.net\/index.php?rest_route=\/wp\/v2\/pages\/435\/revisions"}],"predecessor-version":[{"id":575,"href":"https:\/\/www.doerenkamp.net\/index.php?rest_route=\/wp\/v2\/pages\/435\/revisions\/575"}],"wp:attachment":[{"href":"https:\/\/www.doerenkamp.net\/index.php?rest_route=%2Fwp%2Fv2%2Fmedia&parent=435"}],"curies":[{"name":"wp","href":"https:\/\/api.w.org\/{rel}","templated":true}]}}