{"id":433,"date":"2021-01-08T11:35:18","date_gmt":"2021-01-08T11:35:18","guid":{"rendered":"http:\/\/vermessung-koenigswinter.de\/?page_id=433"},"modified":"2023-03-11T11:28:18","modified_gmt":"2023-03-11T11:28:18","slug":"datenschutz_neu","status":"publish","type":"page","link":"https:\/\/www.doerenkamp.net\/?page_id=433","title":{"rendered":"Datenschutz"},"content":{"rendered":"\n<p>Den Schutz Ihrer pers\u00f6nlichen Daten sage ich Ihnen zu. Zweck der Datenverarbeitung ist ausschlie\u00dflich die Bearbeitung Ihrer Anfrage. Rechtsgrundlage hierf\u00fcr ist Art. 6 Abs. 1 Buchst. b) der Datenschutz-Grundverordnung vom 27.04.2016 (EU-Verordnung 2016\/679). Eine Weitergabe Ihrer Daten oder eine \u00fcber den genannten Zweck hinausgehende Verarbeitung Ihrer Daten erfolgt nicht. Die Daten werden gel\u00f6scht, sobald sie f\u00fcr den Zweck ihrer Verarbeitung nicht mehr erforderlich sind.&nbsp;<\/p>\n\n\n\n<p>Sie sind dazu berechtigt,<\/p>\n\n\n\n<ul><li>zu \u00fcberpr\u00fcfen, ob und welche personenbezogenen Daten \u00fcber Sie gespeichert sind und Kopien dieser Daten zu erhalten.<\/li><li>Die Berichtigung, Erg\u00e4nzung oder das L\u00f6schen Ihrer personenbezogenen Daten, die falsch sind oder nicht rechtskonform verarbeitet werden, zu verlangen.<\/li><li>Zu verlangen, die Verarbeitung Ihrer personenbezogenen Daten einzuschr\u00e4nken.<\/li><li>Unter bestimmten Voraussetzungen der Verarbeitung Ihrer personenbezogenen Daten zu widersprechen oder die f\u00fcr das Verarbeiten zuvor gegebene Einwilligung zu widerrufen.<\/li><li>Daten\u00fcbertragbarkeit zu verlangen.<\/li><li>Die Identit\u00e4t von Dritten, an welche Ihre personenbezogenen Daten \u00fcbermittelt werden, zu kennen, und&nbsp;&nbsp; bei der zust\u00e4ndigen Beh\u00f6rde Beschwerde einzulegen.<\/li><\/ul>\n","protected":false},"excerpt":{"rendered":"<p>Den Schutz Ihrer pers\u00f6nlichen Daten sage ich Ihnen zu. Zweck der Datenverarbeitung ist ausschlie\u00dflich die Bearbeitung Ihrer Anfrage. Rechtsgrundlage hierf\u00fcr ist Art. 6 Abs. 1 Buchst. b) der Datenschutz-Grundverordnung vom 27.04.2016 (EU-Verordnung 2016\/679). Eine Weitergabe Ihrer Daten oder eine \u00fcber den genannten Zweck hinausgehende Verarbeitung Ihrer Daten erfolgt nicht. Die [&hellip;]<\/p>\n","protected":false},"author":1,"featured_media":0,"parent":0,"menu_order":0,"comment_status":"closed","ping_status":"closed","template":"","meta":[],"_links":{"self":[{"href":"https:\/\/www.doerenkamp.net\/index.php?rest_route=\/wp\/v2\/pages\/433"}],"collection":[{"href":"https:\/\/www.doerenkamp.net\/index.php?rest_route=\/wp\/v2\/pages"}],"about":[{"href":"https:\/\/www.doerenkamp.net\/index.php?rest_route=\/wp\/v2\/types\/page"}],"author":[{"embeddable":true,"href":"https:\/\/www.doerenkamp.net\/index.php?rest_route=\/wp\/v2\/users\/1"}],"replies":[{"embeddable":true,"href":"https:\/\/www.doerenkamp.net\/index.php?rest_route=%2Fwp%2Fv2%2Fcomments&post=433"}],"version-history":[{"count":5,"href":"https:\/\/www.doerenkamp.net\/index.php?rest_route=\/wp\/v2\/pages\/433\/revisions"}],"predecessor-version":[{"id":576,"href":"https:\/\/www.doerenkamp.net\/index.php?rest_route=\/wp\/v2\/pages\/433\/revisions\/576"}],"wp:attachment":[{"href":"https:\/\/www.doerenkamp.net\/index.php?rest_route=%2Fwp%2Fv2%2Fmedia&parent=433"}],"curies":[{"name":"wp","href":"https:\/\/api.w.org\/{rel}","templated":true}]}}